{"id":3520,"date":"2013-02-20T19:22:42","date_gmt":"2013-02-20T18:22:42","guid":{"rendered":"http:\/\/localhost:8888\/tik\/?page_id=3520"},"modified":"2024-01-25T10:42:41","modified_gmt":"2024-01-25T08:42:41","slug":"contacto","status":"publish","type":"page","link":"https:\/\/thisiskool.com\/blog\/contacto\/","title":{"rendered":"Contacto"},"content":{"rendered":"<div class=\"row\">\n<div class=\"col-sm-8\">\n<p style=\"text-align: justify;\">\u00a1Nos encantar\u00e1 leerte! Si t\u00fa o tu trabajo quieres que aparezca por aqu\u00ed, contacta con nosotras.<\/p>\n\n<div class=\"wpcf7 no-js\" id=\"wpcf7-f16438-o1\" lang=\"en-US\" dir=\"ltr\">\n<div class=\"screen-reader-response\"><p role=\"status\" aria-live=\"polite\" aria-atomic=\"true\"><\/p> <ul><\/ul><\/div>\n<form action=\"\/blog\/wp-json\/wp\/v2\/pages\/3520#wpcf7-f16438-o1\" method=\"post\" class=\"wpcf7-form init\" aria-label=\"Contact form\" novalidate=\"novalidate\" data-status=\"init\">\n<div style=\"display: none;\">\n<input type=\"hidden\" name=\"_wpcf7\" value=\"16438\" \/>\n<input type=\"hidden\" name=\"_wpcf7_version\" value=\"5.8.4\" \/>\n<input type=\"hidden\" name=\"_wpcf7_locale\" value=\"en_US\" \/>\n<input type=\"hidden\" name=\"_wpcf7_unit_tag\" value=\"wpcf7-f16438-o1\" \/>\n<input type=\"hidden\" name=\"_wpcf7_container_post\" value=\"0\" \/>\n<input type=\"hidden\" name=\"_wpcf7_posted_data_hash\" value=\"\" \/>\n<input type=\"hidden\" name=\"_wpcf7_recaptcha_response\" value=\"\" \/>\n<\/div>\n<p><label> Nombre<br \/>\n<span class=\"wpcf7-form-control-wrap\" data-name=\"your-name\"><input size=\"40\" class=\"wpcf7-form-control wpcf7-text wpcf7-validates-as-required\" aria-required=\"true\" aria-invalid=\"false\" value=\"\" type=\"text\" name=\"your-name\" \/><\/span> <\/label>\n<\/p>\n<p><br \/>\n<label> Direcci\u00f3n de correo electr\u00f3nico<br \/>\n<span class=\"wpcf7-form-control-wrap\" data-name=\"your-email\"><input size=\"40\" class=\"wpcf7-form-control wpcf7-email wpcf7-validates-as-required wpcf7-text wpcf7-validates-as-email\" aria-required=\"true\" aria-invalid=\"false\" value=\"\" type=\"email\" name=\"your-email\" \/><\/span> <\/label>\n<\/p>\n<p><br \/>\n<label> Mensaje<br \/>\n<span class=\"wpcf7-form-control-wrap\" data-name=\"your-message\"><textarea cols=\"40\" rows=\"10\" class=\"wpcf7-form-control wpcf7-textarea\" aria-invalid=\"false\" name=\"your-message\"><\/textarea><\/span> <\/label>\n<\/p>\n<p><input class=\"wpcf7-form-control wpcf7-submit has-spinner\" type=\"submit\" value=\"Enviar\" \/>\n<\/p><p style=\"display: none !important;\"><label>&#916;<textarea name=\"_wpcf7_ak_hp_textarea\" cols=\"45\" rows=\"8\" maxlength=\"100\"><\/textarea><\/label><input type=\"hidden\" id=\"ak_js_1\" name=\"_wpcf7_ak_js\" value=\"245\"\/><script>document.getElementById( \"ak_js_1\" ).setAttribute( \"value\", ( new Date() ).getTime() );<\/script><\/p><div class=\"wpcf7-response-output\" aria-hidden=\"true\"><\/div>\n<\/form>\n<\/div>\n\n<p style=\"text-align: justify;\"><em>(Los datos facilitados en este formulario, s\u00f3lo ser\u00e1n utilizados para ponernos en contacto contigo. No ser\u00e1n incluidos en ninguna base de datos.)<\/em><\/p>\n<\/div>\n<div class=\"row\">\n<p style=\"text-align: justify;\">This Is Kool es una <strong>empresa de dise\u00f1o gr\u00e1fico<\/strong> que nace en 2012 de la mano de 3 amigas arquitectas que deciden emprender su propia marca de papeler\u00eda, detalles y objetos para el hogar.<br \/>\nParalelamente a esta tienda (<a href=\"https:\/\/thisiskool.com\/es\/\" target=\"_blank\" rel=\"noopener\">www.thisiskool.com<\/a>) abrimos este Blog con la intenci\u00f3n de poder compartir ideas que puedan inspirar y ayudar.<br \/>\nAs\u00ed pues, este blog es un lugar d\u00f3nde encontrar\u00e1s consejos para poder decorar y planificar desde tu <strong>boda<\/strong>, tu fiesta de <strong>cumplea\u00f1os<\/strong>, <strong>comuni\u00f3n<\/strong>, <strong>bautizo<\/strong>&#8230; \u00a1e incluso tu <strong>hogar<\/strong>!<\/p>\n<div class=\"col-sm-4 \" style=\"text-align: center; margin-bottom: 60px;\"><img decoding=\"async\" style=\"margin-bottom: 20px;\" src=\"\/blog\/wp-content\/uploads\/2017\/05\/Andrea-This-Is-Kool.gif\" alt=\"Andrea - This Is Kool\" \/><br \/>\n<strong>ANDREA<\/strong><\/div>\n<div class=\"col-sm-4\" style=\"text-align: center; margin-bottom: 60px;\"><img decoding=\"async\" style=\"margin-bottom: 20px;\" src=\"\/blog\/wp-content\/uploads\/2017\/05\/Mariona-This-Is-Kool.gif\" alt=\"Mariona - This Is Kool\" \/><br \/>\n<strong>MARIONA<\/strong><\/div>\n<div class=\"col-sm-4\" style=\"text-align: center; margin-bottom: 60px;\"><img decoding=\"async\" style=\"margin-bottom: 20px;\" src=\"\/blog\/wp-content\/uploads\/2017\/05\/Mar-This-Is-Kool.gif\" alt=\"Mar - This Is Kool\" \/><br \/>\n<strong>MAR<\/strong><\/div>\n<\/div>\n<\/div>\n","protected":false},"excerpt":{"rendered":"<div class=\"post-excerpt\">\u00a1Nos encantar\u00e1 leerte! Si t\u00fa o tu trabajo quieres que aparezca por aqu\u00ed, contacta con nosotras. (Los datos facilitados en este formulario, s\u00f3lo ser\u00e1n utilizados para ponernos en contacto contigo.&hellip;<\/div>\n<div class=\"post-more\"><a href=\"https:\/\/thisiskool.com\/blog\/contacto\/\" class=\"btn btn-primary btn-effect\"><span>Ver Publicaci\u00f3n<\/span><span><i class=\"icon icon-arrow-right\"><\/i><\/span><\/a><\/div>\n","protected":false},"author":4,"featured_media":0,"parent":0,"menu_order":6,"comment_status":"closed","ping_status":"closed","template":"","meta":{"_uf_show_specific_survey":0,"_uf_disable_surveys":false,"footnotes":""},"aioseo_notices":[],"_links":{"self":[{"href":"https:\/\/thisiskool.com\/blog\/wp-json\/wp\/v2\/pages\/3520"}],"collection":[{"href":"https:\/\/thisiskool.com\/blog\/wp-json\/wp\/v2\/pages"}],"about":[{"href":"https:\/\/thisiskool.com\/blog\/wp-json\/wp\/v2\/types\/page"}],"author":[{"embeddable":true,"href":"https:\/\/thisiskool.com\/blog\/wp-json\/wp\/v2\/users\/4"}],"replies":[{"embeddable":true,"href":"https:\/\/thisiskool.com\/blog\/wp-json\/wp\/v2\/comments?post=3520"}],"version-history":[{"count":6,"href":"https:\/\/thisiskool.com\/blog\/wp-json\/wp\/v2\/pages\/3520\/revisions"}],"predecessor-version":[{"id":25858,"href":"https:\/\/thisiskool.com\/blog\/wp-json\/wp\/v2\/pages\/3520\/revisions\/25858"}],"wp:attachment":[{"href":"https:\/\/thisiskool.com\/blog\/wp-json\/wp\/v2\/media?parent=3520"}],"curies":[{"name":"wp","href":"https:\/\/api.w.org\/{rel}","templated":true}]}}